{"id":1201,"date":"2025-06-26T14:16:09","date_gmt":"2025-06-26T12:16:09","guid":{"rendered":"https:\/\/cleanexpert.hu\/blog\/staging-2\/?page_id=1201"},"modified":"2025-07-09T01:52:52","modified_gmt":"2025-07-08T23:52:52","slug":"technologia","status":"publish","type":"page","link":"https:\/\/cleanexpert.hu\/blog\/technologia\/","title":{"rendered":"Technol\u00f3gia"},"content":{"rendered":"<div id=\"tdi_1\" class=\"tdc-zone\"><div class=\"tdc_zone tdi_2  wpb_row td-pb-row\"  >\n<style scoped>\n\/* custom css - generated by TagDiv Composer *\/\n\n\/* custom css - generated by TagDiv Composer *\/\n.tdi_2{\r\n                    min-height: 0;\r\n                }\n<\/style><div id=\"tdi_3\" class=\"tdc-row stretch_row_1400 td-stretch-content\"><div class=\"vc_row tdi_4  wpb_row td-pb-row tdc-element-style\" >\n<style scoped>\n\/* custom css - generated by TagDiv Composer *\/\n\n\/* custom css - generated by TagDiv Composer *\/\n.tdi_4,\r\n                .tdi_4 .tdc-columns{\r\n                    min-height: 0;\r\n                }.tdi_4,\r\n\t\t\t\t.tdi_4 .tdc-columns{\r\n\t\t\t\t    display: block;\r\n\t\t\t\t}.tdi_4 .tdc-columns{\r\n\t\t\t\t    width: 100%;\r\n\t\t\t\t}.tdi_4:before,\r\n\t\t\t\t.tdi_4:after{\r\n\t\t\t\t    display: table;\r\n\t\t\t\t}\n\/* inline tdc_css att - generated by TagDiv Composer *\/\n\n.tdi_4{\npadding-top:160px !important;\npadding-bottom:30px !important;\nposition:relative;\n}\n\n.tdi_4 .td_block_wrap{ text-align:left }\n\n\/* landscape *\/\n@media (min-width: 1019px) and (max-width: 1140px)\n{\n.tdi_4{\npadding-top:120px !important;\npadding-bottom:10px !important;\n}\n}\n\n\/* portrait *\/\n@media (min-width: 768px) and (max-width: 1018px)\n{\n.tdi_4{\npadding-top:120px !important;\npadding-bottom:10px !important;\n}\n}\n\n\/* phone *\/\n@media (max-width: 767px)\n{\n.tdi_4{\npadding-top:140px !important;\n}\n}\n\n<\/style>\n<div class=\"tdi_3_rand_style td-element-style\" ><div class=\"td-element-style-before\"><style>\n\/* custom css - generated by TagDiv Composer *\/\n\n.tdi_3_rand_style > .td-element-style-before {\ncontent:'' !important;\nwidth:100% !important;\nheight:100% !important;\nposition:absolute !important;\ntop:0 !important;\nleft:0 !important;\ndisplay:block !important;\nz-index:0 !important;\nbackground-image:url(\"https:\/\/cleanexpert.hu\/staging-2\/wp-content\/uploads\/2025\/06\/Homlokzattisztitas-raktarcsarnok-tisztitas-Clean-Expert-iroda-es-csarnoktakaritas-cegeknek-uzemeltetoknek-epuletfenntartoknak.webp\") !important;\nbackground-size:cover !important;\nbackground-position:center top !important;\n}\n<\/style><\/div><style>\n\/* custom css - generated by TagDiv Composer *\/\n \n.tdi_3_rand_style::after {\ncontent:'' !important;\nwidth:100% !important;\nheight:100% !important;\nposition:absolute !important;\ntop:0 !important;\nleft:0 !important;\nz-index:0 !important;\ndisplay:block !important;\nbackground: linear-gradient(60deg,rgba(30,115,190,0.9), rgba(10,10,10,0.92)) !important;\n}\n<\/style><\/div><div class=\"vc_column tdi_6  wpb_column vc_column_container tdc-column td-pb-span12\">\n<style scoped>\n\/* custom css - generated by TagDiv Composer *\/\n\n\/* custom css - generated by TagDiv Composer *\/\n.tdi_6{\r\n                    vertical-align: baseline;\r\n                }.tdi_6 > .wpb_wrapper,\r\n\t\t\t\t.tdi_6 > .wpb_wrapper > .tdc-elements{\r\n\t\t\t\t    display: block;\r\n\t\t\t\t}.tdi_6 > .wpb_wrapper > .tdc-elements{\r\n\t\t\t\t    width: 100%;\r\n\t\t\t\t}.tdi_6 > .wpb_wrapper > .vc_row_inner{\r\n\t\t\t\t    width: auto;\r\n\t\t\t\t}.tdi_6 > .wpb_wrapper{\r\n\t\t\t\t    width: auto;\r\n\t\t\t\t    height: auto;\r\n\t\t\t\t}\n<\/style><div class=\"wpb_wrapper\" ><div class=\"tdm_block td_block_wrap tdm_block_column_title tdi_7 tdm-content-horiz-center td-pb-border-top td_block_template_1\"  data-td-block-uid=\"tdi_7\" >\n<style>\n\/* custom css - generated by TagDiv Composer *\/\n.tdm_block_column_title{\r\n                  margin-bottom: 0;\r\n                  display: inline-block;\r\n                  width: 100%;\r\n                }\n<\/style><div class=\"td-block-row\"><div class=\"td-block-span12 tdm-col\">\n<style>\n\/* custom css - generated by TagDiv Composer *\/\nbody .tdi_8 .tdm-title{\r\n\t\t\t\t\tcolor: #ffffff;\r\n\t\t\t\t}.tdi_8 .tdm-title{\r\n\t\t\t\t\tfont-family:Roboto !important;\r\n\t\t\t\t}\n\n\/* landscape *\/\n@media (min-width: 1019px) and (max-width: 1140px){\n.tdi_8 .tdm-title{\r\n\t\t\t\t\tfont-size:40px !important;line-height:46px !important;\r\n\t\t\t\t}\n}\n\n\/* portrait *\/\n@media (min-width: 768px) and (max-width: 1018px){\n.tdi_8 .tdm-title{\r\n\t\t\t\t\tfont-size:32px !important;line-height:38px !important;\r\n\t\t\t\t}\n}\n\n\/* phone *\/\n@media (max-width: 767px){\n.tdi_8 .tdm-title{\r\n\t\t\t\t\tfont-size:30px !important;line-height:38px !important;\r\n\t\t\t\t}\n}\n<\/style><div class=\"tds-title tds-title1 td-fix-index tdi_8 \"><h3 class=\"tdm-title tdm-title-bg\">Technol\u00f3gi\u00e1k<\/h3><\/div><\/div><\/div><\/div><div class=\"tdm_block td_block_wrap tdm_block_column_title tdi_9 tdm-content-horiz-center td-pb-border-top td_block_template_1\"  data-td-block-uid=\"tdi_9\" >\n<style>\n\n\/* inline tdc_css att - generated by TagDiv Composer *\/\n\n.tdi_9{\nmargin-top:-10px !important;\npadding-right:22% !important;\npadding-left:22% !important;\n}\n\n\/* landscape *\/\n@media (min-width: 1019px) and (max-width: 1140px)\n{\n.tdi_9{\nmargin-top:-20px !important;\npadding-right:16% !important;\npadding-left:16% !important;\n}\n}\n\n\/* portrait *\/\n@media (min-width: 768px) and (max-width: 1018px)\n{\n.tdi_9{\nmargin-top:-20px !important;\npadding-right:10% !important;\npadding-left:10% !important;\n}\n}\n\n\/* phone *\/\n@media (max-width: 767px)\n{\n.tdi_9{\npadding-right:0px !important;\npadding-left:0px !important;\n}\n}\n\n<\/style><div class=\"td-block-row\"><div class=\"td-block-span12 tdm-col\">\n<style>\n\/* custom css - generated by TagDiv Composer *\/\nbody .tdi_10 .tdm-title{\r\n\t\t\t\t\tcolor: rgba(255,255,255,0.48);\r\n\t\t\t\t}.tdi_10 .tdm-title{\r\n\t\t\t\t\tfont-family:Roboto !important;\r\n\t\t\t\t}\n\n\/* landscape *\/\n@media (min-width: 1019px) and (max-width: 1140px){\n.tdi_10 .tdm-title{\r\n\t\t\t\t\tfont-size:19px !important;line-height:27px !important;font-weight:400 !important;\r\n\t\t\t\t}\n}\n\n\/* portrait *\/\n@media (min-width: 768px) and (max-width: 1018px){\n.tdi_10 .tdm-title{\r\n\t\t\t\t\tfont-size:17px !important;line-height:24px !important;font-weight:400 !important;\r\n\t\t\t\t}\n}\n\n\/* phone *\/\n@media (max-width: 767px){\n.tdi_10 .tdm-title{\r\n\t\t\t\t\tfont-size:17px !important;line-height:24px !important;font-weight:400 !important;\r\n\t\t\t\t}\n}\n<\/style><div class=\"tds-title tds-title1 td-fix-index tdi_10 \"><h3 class=\"tdm-title tdm-title-sm\">Korszer\u0171 g\u00e9pparkunkkal \u00e9s vegyszermentes megold\u00e1sainkkal garant\u00e1ljuk a hat\u00e9kony \u00e9s k\u00f6rnyezetbar\u00e1t tiszt\u00edt\u00e1st \u2013 ak\u00e1r tet\u0151n, homlokzaton vagy ipari fel\u00fcleteken.<\/h3><\/div><\/div><\/div><\/div><div class=\"tdm_block td_block_wrap tdm_block_button tdi_11 tdm-content-horiz-center td-pb-border-top td_block_template_1\"  data-td-block-uid=\"tdi_11\"     >\n<style>\n\n\/* inline tdc_css att - generated by TagDiv Composer *\/\n\n.tdi_11{\nmargin-top:60px !important;\n}\n\n\/* landscape *\/\n@media (min-width: 1019px) and (max-width: 1140px)\n{\n.tdi_11{\nmargin-top:30px !important;\n}\n}\n\n\/* portrait *\/\n@media (min-width: 768px) and (max-width: 1018px)\n{\n.tdi_11{\nmargin-top:30px !important;\n}\n}\n\n\/* phone *\/\n@media (max-width: 767px)\n{\n.tdi_11{\nmargin-top:40px !important;\n}\n}\n\n<\/style>\n<style>\n\/* custom css - generated by TagDiv Composer *\/\n.tdm_block.tdm_block_button{\r\n                  margin-bottom: 0;\r\n                }.tdm_block.tdm_block_button .tds-button{\r\n                  line-height: 0;\r\n                }.tdm_block.tdm_block_button.tdm-block-button-inline{\r\n                  display: inline-block;\r\n                }.tdm_block.tdm_block_button.tdm-block-button-full,\r\n                .tdm_block.tdm_block_button.tdm-block-button-full .tdm-btn{\r\n                  display: block;\r\n                }\n<\/style>\n<style>\n\/* custom css - generated by TagDiv Composer *\/\nbody .tdi_12{\r\n\t\t\t\t\tbackground-color: var(--cs-light-blue);\r\n\t\t\t\t}.tdi_12:before{\r\n\t\t\t\t\tbackground: -webkit-linear-gradient(-60deg,#f45560,#60cd00);background: linear-gradient(-60deg,#f45560,#60cd00);\r\n\t\t\t\t}.tdi_12:hover:before{\r\n\t\t\t\t\topacity: 1;\r\n\t\t\t\t}.tdi_12 .tdm-btn-text,\r\n\t\t\t\t.tdi_12 i{\r\n\t\t\t\t\tcolor: #ffffff;\r\n\t\t\t\t}.tdi_12 svg{\r\n\t\t\t\t    fill: #ffffff;\r\n\t\t\t\t\r\n\t\t\t\t\twidth: 14px;\r\n                    height: auto;\r\n\t\t\t\t}.tdi_12 svg *{\r\n\t\t\t\t    fill: inherit;\r\n\t\t\t\t}.tdi_12,\r\n\t\t\t\t.tdi_12:before{\r\n\t\t\t\t\tborder-radius: 3px;\r\n\t\t\t\t}.tdi_12{\r\n\t\t\t\t\tbox-shadow:  0px 2px 16px 0px rgba(0, 0, 0, 0.1);\r\n\t\t\t\t}.tdi_12:hover{\r\n\t\t\t\t\tbox-shadow:  0px 2px 26px 0px rgba(0, 0, 0, 0.1);\r\n\t\t\t\t}\n<\/style><div class=\"tds-button td-fix-index\"><a href=\"https:\/\/cleanexpert.hu\/blog\/kapcsolat\/?fbclid=fbclid\"  title=\"Aj\u00e1nlatk\u00e9r\u00e9s\" class=\"tds-button3 tdm-btn tdm-btn-lg tdi_12 \" ><span class=\"tdm-btn-text\">Aj\u00e1nlatk\u00e9r\u00e9s<\/span><\/a><\/div><\/div><div class=\"tdm_block td_block_wrap tdm_block_icon tdi_13 tdm-content-horiz-center td-pb-border-top td_block_template_1\"  data-td-block-uid=\"tdi_13\"   >\n<style>\n\n\/* inline tdc_css att - generated by TagDiv Composer *\/\n\n.tdi_13{\nmargin-top:80px !important;\n}\n\n\/* desktop *\/ @media(min-width: 1141px) { .tdi_13 { \ndisplay:table !important;\n} }\n\n\/* landscape *\/\n@media (min-width: 1019px) and (max-width: 1140px)\n{\n.tdi_13{\nmargin-top:60px !important;\n}\n}\n\n\/* portrait *\/\n@media (min-width: 768px) and (max-width: 1018px)\n{\n.tdi_13{\nmargin-top:60px !important;\n}\n}\n\n<\/style>\n<style>\n\/* custom css - generated by TagDiv Composer *\/\n.tdm_block_icon.tdm_block{\r\n                  margin-bottom: 0;\r\n                }.tds-icon{\r\n                  position: relative;\r\n                }.tds-icon:after{\r\n                  content: '';\r\n                  width: 100%;\r\n                  height: 100%;\r\n                  left: 0;\r\n                  top: 0;\r\n                  position: absolute;\r\n                  z-index: -1;\r\n                  opacity: 0;\r\n                  -webkit-transition: opacity 0.3s ease;\r\n                  transition: opacity 0.3s ease;\r\n                }.tds-icon svg{\r\n                  display: block;\r\n                }.tdi_13 i{\r\n\t\t\t\t    font-size: 30px;\r\n\t\t\t\t    text-align: center;\r\n\t\t\t\t\r\n\t\t\t\t    width: 48px;\r\n\t\t\t\t    height: 48px;\r\n\t\t\t\t    line-height: 48px;\r\n\t\t\t\t}.tdi_13 i,\r\n\t\t\t\t.tdi_13 .tds-icon-svg-wrap{\r\n\t\t\t\t    position: relative;\r\n\t\t\t\t    top: 0px;\r\n\t\t\t\t}.tdi_13 .tds-icon-svg-wrap{\r\n\t\t\t\t    margin: 0 auto;\r\n\t\t\t\t}\n<\/style>\n<style>\n\/* custom css - generated by TagDiv Composer *\/\n.tdi_14{\r\n\t\t\t\t    -webkit-transition: all 0.2s ease;\r\n                    -moz-transition: all 0.2s ease;\r\n                    -o-transition: all 0.2s ease;\r\n                    transition: all 0.2s ease;\r\n\t\t\t\t}.tdi_14:before{\r\n\t\t\t\t    -webkit-transition: all 0.2s ease;\r\n                    -moz-transition: all 0.2s ease;\r\n                    -o-transition: all 0.2s ease;\r\n                    transition: all 0.2s ease;\r\n\t\t\t\t\r\n\t\t\t\t\tcolor: rgba(255,255,255,0.56);\r\n\t\t\t\t}.tdi_14 svg{\r\n\t\t\t\t    fill: rgba(255,255,255,0.56);\r\n\t\t\t\t}.tdi_14 svg *{\r\n\t\t\t\t    fill: inherit;\r\n\t\t\t\t}\n\n\/* landscape *\/\n@media (min-width: 1019px) and (max-width: 1140px){\n\n}\n\n\/* portrait *\/\n@media (min-width: 768px) and (max-width: 1018px){\n\n}\n\n\/* phone *\/\n@media (max-width: 767px){\n\n}\n<\/style><i class=\"tds-icon tdc-font-tdmp tdc-font-tdmp-arrow-cut-down tdi_14 td-fix-index \"><\/i><\/div><\/div><\/div><\/div><\/div>\r\n\t\t\t<script>\r\n\r\n\t\t\t\tjQuery(window).ready(function () {\r\n\r\n\t\t\t\t\t\/\/ We need timeout because the content must be rendered and interpreted on client\r\n\t\t\t\t\tsetTimeout(function () {\r\n\r\n\t\t\t\t\t\tvar $content = jQuery('body').find('#tdc-live-iframe'),\r\n\t\t\t\t\t\t\trefWindow = undefined;\r\n\r\n\t\t\t\t\t\tif ($content.length) {\r\n\t\t\t\t\t\t\t$content = $content.contents();\r\n\t\t\t\t\t\t\trefWindow = document.getElementById('tdc-live-iframe').contentWindow || document.getElementById('tdc-live-iframe').contentDocument;\r\n\r\n\t\t\t\t\t\t} else {\r\n\t\t\t\t\t\t\t$content = jQuery('body');\r\n\t\t\t\t\t\t\trefWindow = window;\r\n\t\t\t\t\t\t}\r\n\r\n\t\t\t\t\t\t$content.find('#tdi_3 .td-element-style-before').each(function (index, element) {\r\n\t\t\t\t\t\t\tif ('undefined' !== typeof refWindow.td_compute_parallax_background) {\r\n\t\t\t\t\t\t\t\trefWindow.td_compute_parallax_background(element);\r\n\t\t\t\t\t\t\t\treturn;\r\n\t\t\t\t\t\t\t}\r\n\t\t\t\t\t\t});\r\n\r\n\t\t\t\t\t\t$content.find('#tdi_3 .tdc-video-parallax-wrapper').each(function (index, element) {\r\n\t\t\t\t\t\t\tif ( 'undefined' !== typeof refWindow.td_compute_parallax_background ) {\r\n\t\t\t\t\t\t\t\trefWindow.td_compute_parallax_background(element);\r\n\t\t\t\t\t\t\t}\r\n\t\t\t\t\t\t});\r\n\r\n\r\n\t\t\t\t\t\tif ('undefined' !== typeof refWindow.td_compute_parallax_background) {\r\n\t\t\t\t\t\t\trefWindow.tdAnimationScroll.compute_all_items();\r\n\t\t\t\t\t\t}\r\n\t\t\t\t\t});\r\n\r\n\t\t\t\t}, 200);\r\n\t\t\t<\/script>\r\n\r\n\t\t\t<div id=\"tdi_15\" class=\"tdc-row stretch_row_1400 td-stretch-content\"><div class=\"vc_row tdi_16 my-features wpb_row td-pb-row\" >\n<style scoped>\n\/* custom css - generated by TagDiv Composer *\/\n\n\/* custom css - generated by TagDiv Composer *\/\n.tdi_16,\r\n                .tdi_16 .tdc-columns{\r\n                    min-height: 0;\r\n                }.tdi_16,\r\n\t\t\t\t.tdi_16 .tdc-columns{\r\n\t\t\t\t    display: block;\r\n\t\t\t\t}.tdi_16 .tdc-columns{\r\n\t\t\t\t    width: 100%;\r\n\t\t\t\t}.tdi_16:before,\r\n\t\t\t\t.tdi_16:after{\r\n\t\t\t\t    display: table;\r\n\t\t\t\t}\n\/* inline tdc_css att - generated by TagDiv Composer *\/\n\n.tdi_16{\npadding-top:8% !important;\npadding-bottom:8% !important;\njustify-content:center !important;\ntext-align:center !important;\n}\n\n.tdi_16 .td_block_wrap{ text-align:left }\n\n\/* landscape *\/\n@media (min-width: 1019px) and (max-width: 1140px)\n{\n.tdi_16{\npadding-top:0px !important;\npadding-bottom:0px !important;\n}\n}\n\n\/* portrait *\/\n@media (min-width: 768px) and (max-width: 1018px)\n{\n.tdi_16{\npadding-top:0px !important;\npadding-bottom:0px !important;\n}\n}\n\n<\/style><div class=\"vc_column tdi_18  wpb_column vc_column_container tdc-column td-pb-span12\">\n<style scoped>\n\/* custom css - generated by TagDiv Composer *\/\n\n\/* custom css - generated by TagDiv Composer *\/\n.tdi_18{\r\n                    vertical-align: baseline;\r\n                }.tdi_18 > .wpb_wrapper,\r\n\t\t\t\t.tdi_18 > .wpb_wrapper > .tdc-elements{\r\n\t\t\t\t    display: block;\r\n\t\t\t\t}.tdi_18 > .wpb_wrapper > .tdc-elements{\r\n\t\t\t\t    width: 100%;\r\n\t\t\t\t}.tdi_18 > .wpb_wrapper > .vc_row_inner{\r\n\t\t\t\t    width: auto;\r\n\t\t\t\t}.tdi_18 > .wpb_wrapper{\r\n\t\t\t\t    width: auto;\r\n\t\t\t\t    height: auto;\r\n\t\t\t\t}\n<\/style><div class=\"wpb_wrapper\" ><div class=\"wpb_wrapper td_block_wrap vc_raw_html tdi_20 \"><div class=\"td-fix-index\"><section class=\"technology-section\">\n  <div class=\"tech-box\">\n    <img decoding=\"async\" src=\"https:\/\/cleanexpert.hu\/wp-content\/uploads\/2025\/06\/ja-500px-png-blue.svg\" alt=\"Forr\u00f3vizes tiszt\u00edt\u00e1s ikon\" class=\"tech-icon\" title=\"\">\n    <h3>Forr\u00f3vizes, magasnyom\u00e1s\u00fa tiszt\u00edt\u00e1s<\/h3>\n    <p>Hat\u00e9kony megold\u00e1s makacs szennyez\u0151d\u00e9sek ellen: forr\u00f3 v\u00edzzel \u00e9s 300 bar nyom\u00e1ssal tiszt\u00edtjuk meg a fel\u00fcleteket, k\u00edm\u00e9letesen, de alaposan.<\/p>\n    <a href=\"#\" class=\"tech-button\">Tov\u00e1bb olvasom<\/a>\n  <\/div>\n\n  <div class=\"tech-box\">\n    <img decoding=\"async\" src=\"https:\/\/cleanexpert.hu\/wp-content\/uploads\/2025\/06\/jf-500px-png-blue.svg\" alt=\"Sz\u00e1razjeges tiszt\u00edt\u00e1s ikon\" class=\"tech-icon\" title=\"\">\n    <h3>Sz\u00e1razjeges tiszt\u00edt\u00e1s<\/h3>\n    <p>Modern tiszt\u00edt\u00e1si elj\u00e1r\u00e1s, amely a leg\u00e9rz\u00e9kenyebb fel\u00fcleteket is k\u00e1rosod\u00e1s n\u00e9lk\u00fcl tiszt\u00edtja \u2013 vegyszer \u00e9s v\u00edz n\u00e9lk\u00fcl.<\/p>\n    <a href=\"#\" class=\"tech-button\">Tov\u00e1bb olvasom<\/a>\n  <\/div>\n\n  <div class=\"tech-box\">\n    <img decoding=\"async\" src=\"https:\/\/cleanexpert.hu\/wp-content\/uploads\/2025\/06\/ba-500px-png-blue.svg\" alt=\"Vegyszermentes tiszt\u00edt\u00e1s ikon\" class=\"tech-icon\" title=\"\">\n    <h3>Vegyszermentes, k\u00f6rnyezetbar\u00e1t technol\u00f3gia<\/h3>\n    <p>K\u00edm\u00e9letes a fel\u00fcletekhez \u00e9s a term\u00e9szethez is \u2013 tiszt\u00edt\u00e1s vegyszerek n\u00e9lk\u00fcl, kiz\u00e1r\u00f3lag v\u00edzzel \u00e9s h\u0151vel.<\/p>\n    <a href=\"#\" class=\"tech-button\">Tov\u00e1bb olvasom<\/a>\n  <\/div>\n\n  <div class=\"tech-box\">\n    <img decoding=\"async\" src=\"https:\/\/cleanexpert.hu\/wp-content\/uploads\/2025\/06\/bf-500px-png-blue.svg\" alt=\"Homoksz\u00f3r\u00e1sos tiszt\u00edt\u00e1s ikon\" class=\"tech-icon\" title=\"\">\n    <h3>Homoksz\u00f3r\u00e1sos tiszt\u00edt\u00e1s<\/h3>\n    <p>F\u00e9mtiszta fel\u00fcletek el\u0151\u00e1ll\u00edt\u00e1sa, rozsda \u00e9s fest\u00e9kmaradv\u00e1nyok elt\u00e1vol\u00edt\u00e1sa<\/p>\n    <a href=\"#\" class=\"tech-button\">Tov\u00e1bb olvasom<\/a>\n  <\/div>\n<\/section><\/div><\/div><\/div><\/div><\/div><\/div><div id=\"tdi_21\" class=\"tdc-row stretch_row_1400 td-stretch-content\"><div class=\"vc_row tdi_22  wpb_row td-pb-row\" >\n<style scoped>\n\/* custom css - generated by TagDiv Composer *\/\n\n\/* custom css - generated by TagDiv Composer *\/\n.tdi_22,\r\n                .tdi_22 .tdc-columns{\r\n                    min-height: 0;\r\n                }.tdi_22,\r\n\t\t\t\t.tdi_22 .tdc-columns{\r\n\t\t\t\t    display: block;\r\n\t\t\t\t}.tdi_22 .tdc-columns{\r\n\t\t\t\t    width: 100%;\r\n\t\t\t\t}.tdi_22:before,\r\n\t\t\t\t.tdi_22:after{\r\n\t\t\t\t    display: table;\r\n\t\t\t\t}\n\/* inline tdc_css att - generated by TagDiv Composer *\/\n\n.tdi_22{\nmargin-top:20px !important;\n}\n\n.tdi_22 .td_block_wrap{ text-align:left }\n\n\/* landscape *\/\n@media (min-width: 1019px) and (max-width: 1140px)\n{\n.tdi_22{\nmargin-right:-25px !important;\nmargin-left:-25px !important;\n}\n}\n\n\/* phone *\/\n@media (max-width: 767px)\n{\n.tdi_22{\nmargin-top:0px !important;\n}\n}\n\n<\/style><div class=\"vc_column tdi_24  wpb_column vc_column_container tdc-column td-pb-span6\">\n<style scoped>\n\/* custom css - generated by TagDiv Composer *\/\n\n\/* custom css - generated by TagDiv Composer *\/\n.tdi_24{\r\n                    vertical-align: baseline;\r\n                }.tdi_24 > .wpb_wrapper,\r\n\t\t\t\t.tdi_24 > .wpb_wrapper > .tdc-elements{\r\n\t\t\t\t    display: block;\r\n\t\t\t\t}.tdi_24 > .wpb_wrapper > .tdc-elements{\r\n\t\t\t\t    width: 100%;\r\n\t\t\t\t}.tdi_24 > .wpb_wrapper > .vc_row_inner{\r\n\t\t\t\t    width: auto;\r\n\t\t\t\t}.tdi_24 > .wpb_wrapper{\r\n\t\t\t\t    width: auto;\r\n\t\t\t\t    height: auto;\r\n\t\t\t\t}\n<\/style><div class=\"wpb_wrapper\" ><\/div><\/div><div class=\"vc_column tdi_26  wpb_column vc_column_container tdc-column td-pb-span6\">\n<style scoped>\n\/* custom css - generated by TagDiv Composer *\/\n\n\/* custom css - generated by TagDiv Composer *\/\n.tdi_26{\r\n                    vertical-align: baseline;\r\n                }.tdi_26 > .wpb_wrapper,\r\n\t\t\t\t.tdi_26 > .wpb_wrapper > .tdc-elements{\r\n\t\t\t\t    display: block;\r\n\t\t\t\t}.tdi_26 > .wpb_wrapper > .tdc-elements{\r\n\t\t\t\t    width: 100%;\r\n\t\t\t\t}.tdi_26 > .wpb_wrapper > .vc_row_inner{\r\n\t\t\t\t    width: auto;\r\n\t\t\t\t}.tdi_26 > .wpb_wrapper{\r\n\t\t\t\t    width: auto;\r\n\t\t\t\t    height: auto;\r\n\t\t\t\t}\n<\/style><div class=\"wpb_wrapper\" ><\/div><\/div><\/div><\/div><\/div><\/div>","protected":false},"excerpt":{"rendered":"","protected":false},"author":4,"featured_media":0,"parent":0,"menu_order":0,"comment_status":"closed","ping_status":"closed","template":"","meta":{"inline_featured_image":false,"footnotes":"","_wp_rev_ctl_limit":""},"class_list":["post-1201","page","type-page","status-publish"],"_links":{"self":[{"href":"https:\/\/cleanexpert.hu\/blog\/wp-json\/wp\/v2\/pages\/1201","targetHints":{"allow":["GET"]}}],"collection":[{"href":"https:\/\/cleanexpert.hu\/blog\/wp-json\/wp\/v2\/pages"}],"about":[{"href":"https:\/\/cleanexpert.hu\/blog\/wp-json\/wp\/v2\/types\/page"}],"author":[{"embeddable":true,"href":"https:\/\/cleanexpert.hu\/blog\/wp-json\/wp\/v2\/users\/4"}],"replies":[{"embeddable":true,"href":"https:\/\/cleanexpert.hu\/blog\/wp-json\/wp\/v2\/comments?post=1201"}],"version-history":[{"count":0,"href":"https:\/\/cleanexpert.hu\/blog\/wp-json\/wp\/v2\/pages\/1201\/revisions"}],"wp:attachment":[{"href":"https:\/\/cleanexpert.hu\/blog\/wp-json\/wp\/v2\/media?parent=1201"}],"curies":[{"name":"wp","href":"https:\/\/api.w.org\/{rel}","templated":true}]}}